{"id":10,"date":"2015-01-02T16:36:09","date_gmt":"2015-01-02T16:36:09","guid":{"rendered":"http:\/\/u66694.www2.webdomain.fi\/?page_id=10"},"modified":"2025-01-22T19:09:48","modified_gmt":"2025-01-22T16:09:48","slug":"jasenyys","status":"publish","type":"page","link":"https:\/\/keskisuomenfysioterapeutit.fi\/?page_id=10","title":{"rendered":"J\u00e4senyys"},"content":{"rendered":"<h2 id=\"h1-1397669771\">J\u00e4senen\u00e4 Keski-Suomen fysioterapeutit ry:ss\u00e4<\/h2>\n<p>Yhdistykseen voivat liitty\u00e4 Suomen fysioterapeuttien j\u00e4senet. Voit liitty\u00e4 paikallisyhdistyksen j\u00e4seneksi Suomen fysioterapeutit ry:n kautta valitsemalla j\u00e4senlajisi niin, ett\u00e4 haluat kuulua my\u00f6s Keski-Suomen j\u00e4senyhdistykseen tai voit liitty\u00e4 ns. rinnakkaisj\u00e4seneksemme, jos olet Suomen ft ry:n j\u00e4sen jonkun toisen j\u00e4senyhdistyksen kautta tai olet Suomen ft ry:n suora henkil\u00f6j\u00e4sen. Yhdistykseemme voi kuulua fysioterapeutin koulutuksen suorittaneita tai peruskoulutuksessa olevia fysioterapeuttiopiskelijoita.<\/p>\n<p>Yhdistykseen liityt\u00e4\u00e4n ja erotaan aina kirjallisesti. S\u00e4hk\u00f6isen hakemuksen l\u00f6yd\u00e4t <a href=\"http:\/\/www.suomenfysioterapeutit.fi\">www.suomenfysioterapeutit.fi<\/a> \u00a0-sivuiltaja paperisen hakemuksen l\u00f6yd\u00e4t <a href=\"http:\/\/u66694.www2.webdomain.fi\">www.keskisuomenfysioterapeutit.fi<\/a> \u00a0&#8211; sivuilta tai Fysioterapia-lehdest\u00e4. Muutosilmoituksen voit tehd\u00e4 Suomen fysioterapeuttien nettisivuilla e-asioinnissa.<\/p>\n<p><a href=\"https:\/\/easiointi.yap.fi\/Kuntoutusala\/login-redirect\">https:\/\/easiointi.yap.fi\/Kuntoutusala\/login-redirect<\/a><\/p>\n<h3>Liittomaksut vuonna 2025<\/h3>\n<p>Tarkat hinnat j\u00e4senyydelle l\u00f6yd\u00e4t www.suomenfysioterapeutit.fi<\/p>\n<p><strong>Liittomaksusta vapautettuja ovat:<\/strong><\/p>\n<ul>\n<li>Liiton kunniaj\u00e4senet<\/li>\n<li>Ennen 1.1.2010 alkua el\u00e4kkeelle j\u00e4\u00e4neet fysioterapeutit<\/li>\n<li>Syksyll\u00e4 opintonsa aloittavat fysioterapeuttiopiskelijat syyslukukauden osalta<\/li>\n<\/ul>\n<p><strong>Keski-Suomen fysioterapeuttien j\u00e4senmaksut vuonna 2024<\/strong><\/p>\n<ul>\n<li>Varsinaiset j\u00e4senet 15 \u20ac<\/li>\n<li>Opiskelijaj\u00e4senet 0 \u20ac<\/li>\n<li>Kunniaj\u00e4senet 0 \u20ac<\/li>\n<\/ul>\n<p>Tervetuloa mukaan osaavaan joukkoomme, yhdess\u00e4 me olemme enemm\u00e4n!<\/p>\n","protected":false},"excerpt":{"rendered":"<p>J\u00e4senen\u00e4 Keski-Suomen fysioterapeutit ry:ss\u00e4 Yhdistykseen voivat liitty\u00e4 Suomen fysioterapeuttien j\u00e4senet. Voit liitty\u00e4 paikallisyhdistyksen j\u00e4seneksi Suomen fysioterapeutit ry:n kautta valitsemalla j\u00e4senlajisi niin, ett\u00e4 haluat kuulua my\u00f6s Keski-Suomen j\u00e4senyhdistykseen tai voit liitty\u00e4 ns. rinnakkaisj\u00e4seneksemme, jos olet Suomen ft ry:n j\u00e4sen jonkun toisen j\u00e4senyhdistyksen kautta tai olet Suomen ft ry:n suora henkil\u00f6j\u00e4sen. Yhdistykseemme voi kuulua fysioterapeutin koulutuksen suorittaneita&hellip;<\/p>\n","protected":false},"author":1,"featured_media":0,"parent":0,"menu_order":0,"comment_status":"open","ping_status":"open","template":"","meta":{"footnotes":""},"class_list":["post-10","page","type-page","status-publish","hentry"],"_links":{"self":[{"href":"https:\/\/keskisuomenfysioterapeutit.fi\/index.php?rest_route=\/wp\/v2\/pages\/10","targetHints":{"allow":["GET"]}}],"collection":[{"href":"https:\/\/keskisuomenfysioterapeutit.fi\/index.php?rest_route=\/wp\/v2\/pages"}],"about":[{"href":"https:\/\/keskisuomenfysioterapeutit.fi\/index.php?rest_route=\/wp\/v2\/types\/page"}],"author":[{"embeddable":true,"href":"https:\/\/keskisuomenfysioterapeutit.fi\/index.php?rest_route=\/wp\/v2\/users\/1"}],"replies":[{"embeddable":true,"href":"https:\/\/keskisuomenfysioterapeutit.fi\/index.php?rest_route=%2Fwp%2Fv2%2Fcomments&post=10"}],"version-history":[{"count":26,"href":"https:\/\/keskisuomenfysioterapeutit.fi\/index.php?rest_route=\/wp\/v2\/pages\/10\/revisions"}],"predecessor-version":[{"id":743,"href":"https:\/\/keskisuomenfysioterapeutit.fi\/index.php?rest_route=\/wp\/v2\/pages\/10\/revisions\/743"}],"wp:attachment":[{"href":"https:\/\/keskisuomenfysioterapeutit.fi\/index.php?rest_route=%2Fwp%2Fv2%2Fmedia&parent=10"}],"curies":[{"name":"wp","href":"https:\/\/api.w.org\/{rel}","templated":true}]}}