{"id":12,"date":"2015-01-02T16:36:28","date_gmt":"2015-01-02T16:36:28","guid":{"rendered":"http:\/\/u66694.www2.webdomain.fi\/?page_id=12"},"modified":"2024-08-19T11:04:37","modified_gmt":"2024-08-19T08:04:37","slug":"yrittajille","status":"publish","type":"page","link":"https:\/\/keskisuomenfysioterapeutit.fi\/?page_id=12","title":{"rendered":"Yritt\u00e4jille"},"content":{"rendered":"<p>Yhdistyksell\u00e4 toimii oma yritt\u00e4j\u00e4toimikunta, jonka tarkoituksena on paikallistason vaikuttaminen ja tiedottaminen. Toimikunta toimii yhteisty\u00f6ss\u00e4 Suomen fysioterapeuttien yritt\u00e4j\u00e4toimikunnan kanssa pyrkien kehitt\u00e4m\u00e4\u00e4n toimintaa my\u00f6s valtakunnallisella tasolla.<\/p>\n<p>Yritt\u00e4j\u00e4toimikunta j\u00e4rjest\u00e4\u00e4 s\u00e4\u00e4nn\u00f6llisi\u00e4 tapaamisia, joiden kautta my\u00f6s sinulla on mahdollisuus verkostua ja osallistua tulevaisuuden suunnitteluun.<\/p>\n<p>Toiminnasta vastaavat Minna Taipale, physiominna(at)gmail.com ja Esa Niemist\u00f6, esa.niemisto(at)gmail.com<\/p>\n<p>Tervetuloa mukaan paikallistason ideointiin ja valtakunnalliseen kehitt\u00e4miseen yritt\u00e4jien n\u00e4k\u00f6kulmasta!<\/p>\n","protected":false},"excerpt":{"rendered":"<p>Yhdistyksell\u00e4 toimii oma yritt\u00e4j\u00e4toimikunta, jonka tarkoituksena on paikallistason vaikuttaminen ja tiedottaminen. Toimikunta toimii yhteisty\u00f6ss\u00e4 Suomen fysioterapeuttien yritt\u00e4j\u00e4toimikunnan kanssa pyrkien kehitt\u00e4m\u00e4\u00e4n toimintaa my\u00f6s valtakunnallisella tasolla. Yritt\u00e4j\u00e4toimikunta j\u00e4rjest\u00e4\u00e4 s\u00e4\u00e4nn\u00f6llisi\u00e4 tapaamisia, joiden kautta my\u00f6s sinulla on mahdollisuus verkostua ja osallistua tulevaisuuden suunnitteluun. Toiminnasta vastaavat Minna Taipale, physiominna(at)gmail.com ja Esa Niemist\u00f6, esa.niemisto(at)gmail.com Tervetuloa mukaan paikallistason ideointiin ja valtakunnalliseen kehitt\u00e4miseen&hellip;<\/p>\n","protected":false},"author":1,"featured_media":0,"parent":0,"menu_order":0,"comment_status":"open","ping_status":"open","template":"","meta":{"footnotes":""},"class_list":["post-12","page","type-page","status-publish","hentry"],"_links":{"self":[{"href":"https:\/\/keskisuomenfysioterapeutit.fi\/index.php?rest_route=\/wp\/v2\/pages\/12","targetHints":{"allow":["GET"]}}],"collection":[{"href":"https:\/\/keskisuomenfysioterapeutit.fi\/index.php?rest_route=\/wp\/v2\/pages"}],"about":[{"href":"https:\/\/keskisuomenfysioterapeutit.fi\/index.php?rest_route=\/wp\/v2\/types\/page"}],"author":[{"embeddable":true,"href":"https:\/\/keskisuomenfysioterapeutit.fi\/index.php?rest_route=\/wp\/v2\/users\/1"}],"replies":[{"embeddable":true,"href":"https:\/\/keskisuomenfysioterapeutit.fi\/index.php?rest_route=%2Fwp%2Fv2%2Fcomments&post=12"}],"version-history":[{"count":10,"href":"https:\/\/keskisuomenfysioterapeutit.fi\/index.php?rest_route=\/wp\/v2\/pages\/12\/revisions"}],"predecessor-version":[{"id":735,"href":"https:\/\/keskisuomenfysioterapeutit.fi\/index.php?rest_route=\/wp\/v2\/pages\/12\/revisions\/735"}],"wp:attachment":[{"href":"https:\/\/keskisuomenfysioterapeutit.fi\/index.php?rest_route=%2Fwp%2Fv2%2Fmedia&parent=12"}],"curies":[{"name":"wp","href":"https:\/\/api.w.org\/{rel}","templated":true}]}}