{"id":14,"date":"2015-01-02T16:36:44","date_gmt":"2015-01-02T16:36:44","guid":{"rendered":"http:\/\/u66694.www2.webdomain.fi\/?page_id=14"},"modified":"2025-10-30T20:23:44","modified_gmt":"2025-10-30T17:23:44","slug":"yhteystiedot","status":"publish","type":"page","link":"https:\/\/keskisuomenfysioterapeutit.fi\/?page_id=14","title":{"rendered":"Yhteystiedot"},"content":{"rendered":"<p>Keski-Suomen fysioterapeutit ry<\/p>\n<p>puheenjohtaja<\/p>\n<p>Sanna Paasu-Hynynen<\/p>\n<p>p. 044 &#8211; 575 0555<\/p>\n<p>yhdistys(at)keskisuomenfysioterapeutit.fi<\/p>\n<p>Oheisesta linkist\u00e4 tarkemmat tiedot toimihenkil\u00f6ist\u00e4mme:<\/p>\n<p><a href=\"https:\/\/keskisuomenfysioterapeutit.fi\/wp-content\/uploads\/2025\/10\/Copy-of-KSFT-hallitus-2024.docx.pdf\">Keski-Suomen fysioterapeutit hallitus ja toimihenkil\u00f6t 2024-2025<\/a><\/p>\n\n\n<p><\/p>\n","protected":false},"excerpt":{"rendered":"<p>Keski-Suomen fysioterapeutit ry puheenjohtaja Sanna Paasu-Hynynen p. 044 &#8211; 575 0555 yhdistys(at)keskisuomenfysioterapeutit.fi Oheisesta linkist\u00e4 tarkemmat tiedot toimihenkil\u00f6ist\u00e4mme: Keski-Suomen fysioterapeutit hallitus ja toimihenkil\u00f6t 2024-2025<\/p>\n","protected":false},"author":1,"featured_media":0,"parent":0,"menu_order":0,"comment_status":"open","ping_status":"open","template":"","meta":{"footnotes":""},"class_list":["post-14","page","type-page","status-publish","hentry"],"_links":{"self":[{"href":"https:\/\/keskisuomenfysioterapeutit.fi\/index.php?rest_route=\/wp\/v2\/pages\/14","targetHints":{"allow":["GET"]}}],"collection":[{"href":"https:\/\/keskisuomenfysioterapeutit.fi\/index.php?rest_route=\/wp\/v2\/pages"}],"about":[{"href":"https:\/\/keskisuomenfysioterapeutit.fi\/index.php?rest_route=\/wp\/v2\/types\/page"}],"author":[{"embeddable":true,"href":"https:\/\/keskisuomenfysioterapeutit.fi\/index.php?rest_route=\/wp\/v2\/users\/1"}],"replies":[{"embeddable":true,"href":"https:\/\/keskisuomenfysioterapeutit.fi\/index.php?rest_route=%2Fwp%2Fv2%2Fcomments&post=14"}],"version-history":[{"count":19,"href":"https:\/\/keskisuomenfysioterapeutit.fi\/index.php?rest_route=\/wp\/v2\/pages\/14\/revisions"}],"predecessor-version":[{"id":751,"href":"https:\/\/keskisuomenfysioterapeutit.fi\/index.php?rest_route=\/wp\/v2\/pages\/14\/revisions\/751"}],"wp:attachment":[{"href":"https:\/\/keskisuomenfysioterapeutit.fi\/index.php?rest_route=%2Fwp%2Fv2%2Fmedia&parent=14"}],"curies":[{"name":"wp","href":"https:\/\/api.w.org\/{rel}","templated":true}]}}