{"id":190,"date":"2015-08-26T15:46:56","date_gmt":"2015-08-26T13:46:56","guid":{"rendered":"http:\/\/u66694.www2.webdomain.fi\/?page_id=190"},"modified":"2024-08-02T11:32:59","modified_gmt":"2024-08-02T08:32:59","slug":"koulutusavustus-2","status":"publish","type":"page","link":"https:\/\/keskisuomenfysioterapeutit.fi\/?page_id=190","title":{"rendered":"Koulutusavustus"},"content":{"rendered":"<p>Keski-Suomen fysioterapeutit ry jakaa vuosittain koulutusavustuksia j\u00e4senist\u00f6ns\u00e4 ammatillisen osaamisen tukemiseen.<\/p>\n<p>Koulutusavustukset ovat haettavissa\u00a0<u>JO SUORITETTUJEN<\/u>\u00a0opintojen tai laajempien opintokokonaisuuksien \/ yhden selke\u00e4n suoritetun kokonaisuuden kurssimaksuun. Keski-Suomen fysioterapeuttien hallitus p\u00e4\u00e4tt\u00e4\u00e4 avustusten saajat ja avustussummat hakemusten perusteella. Hakemukseen tulee liitt\u00e4\u00e4 kopio koulutusmaksusta, sek\u00e4 todistus koulutukseen osallistumisesta. Hakemuksessa tulee k\u00e4yd\u00e4 ilmi my\u00f6s mahdollinen muualta saatu avustus \u2013 koulutusmaksun tulee olla itse maksettu.<\/p>\n<p>Hakemukset toimitetaan s\u00e4hk\u00f6isesti (esim. skannattuna) syksyn J\u00e4sen-Tatsissa ilmoitettuun p\u00e4iv\u00e4m\u00e4\u00e4r\u00e4\u00e4n menness\u00e4 osoitteeseen: <strong>sanna.paasu(at)gmail.com<\/strong>\u00a0otsikolla \u201dKoulutusavustushakemus Keski-Suomen fysioterapeutit\u201d<\/p>\n<p>Koulutushakemuspohja aukeaa t\u00e4ytett\u00e4v\u00e4ksi oheisesta linkist\u00e4:\u00a0<a href=\"https:\/\/keskisuomenfysioterapeutit.fi\/wp-content\/uploads\/2018\/08\/koulutusavustushakemuspohja.doc\">KOULUTUSAVUSTUSHAKEMUS<\/a><\/p>\n","protected":false},"excerpt":{"rendered":"<p>Keski-Suomen fysioterapeutit ry jakaa vuosittain koulutusavustuksia j\u00e4senist\u00f6ns\u00e4 ammatillisen osaamisen tukemiseen. Koulutusavustukset ovat haettavissa\u00a0JO SUORITETTUJEN\u00a0opintojen tai laajempien opintokokonaisuuksien \/ yhden selke\u00e4n suoritetun kokonaisuuden kurssimaksuun. Keski-Suomen fysioterapeuttien hallitus p\u00e4\u00e4tt\u00e4\u00e4 avustusten saajat ja avustussummat hakemusten perusteella. Hakemukseen tulee liitt\u00e4\u00e4 kopio koulutusmaksusta, sek\u00e4 todistus koulutukseen osallistumisesta. Hakemuksessa tulee k\u00e4yd\u00e4 ilmi my\u00f6s mahdollinen muualta saatu avustus \u2013 koulutusmaksun tulee olla&hellip;<\/p>\n","protected":false},"author":1,"featured_media":0,"parent":0,"menu_order":0,"comment_status":"open","ping_status":"open","template":"","meta":{"footnotes":""},"class_list":["post-190","page","type-page","status-publish","hentry"],"_links":{"self":[{"href":"https:\/\/keskisuomenfysioterapeutit.fi\/index.php?rest_route=\/wp\/v2\/pages\/190","targetHints":{"allow":["GET"]}}],"collection":[{"href":"https:\/\/keskisuomenfysioterapeutit.fi\/index.php?rest_route=\/wp\/v2\/pages"}],"about":[{"href":"https:\/\/keskisuomenfysioterapeutit.fi\/index.php?rest_route=\/wp\/v2\/types\/page"}],"author":[{"embeddable":true,"href":"https:\/\/keskisuomenfysioterapeutit.fi\/index.php?rest_route=\/wp\/v2\/users\/1"}],"replies":[{"embeddable":true,"href":"https:\/\/keskisuomenfysioterapeutit.fi\/index.php?rest_route=%2Fwp%2Fv2%2Fcomments&post=190"}],"version-history":[{"count":11,"href":"https:\/\/keskisuomenfysioterapeutit.fi\/index.php?rest_route=\/wp\/v2\/pages\/190\/revisions"}],"predecessor-version":[{"id":729,"href":"https:\/\/keskisuomenfysioterapeutit.fi\/index.php?rest_route=\/wp\/v2\/pages\/190\/revisions\/729"}],"wp:attachment":[{"href":"https:\/\/keskisuomenfysioterapeutit.fi\/index.php?rest_route=%2Fwp%2Fv2%2Fmedia&parent=190"}],"curies":[{"name":"wp","href":"https:\/\/api.w.org\/{rel}","templated":true}]}}