{"id":8,"date":"2015-01-02T16:35:45","date_gmt":"2015-01-02T16:35:45","guid":{"rendered":"http:\/\/u66694.www2.webdomain.fi\/?page_id=8"},"modified":"2025-01-22T18:11:52","modified_gmt":"2025-01-22T15:11:52","slug":"yhdistys","status":"publish","type":"page","link":"https:\/\/keskisuomenfysioterapeutit.fi\/?page_id=8","title":{"rendered":"Yhdistys"},"content":{"rendered":"<p>Keski-Suomen fysioterapeutit ry on yksi Suomen Fysioterapeutit ry:n 14 j\u00e4senyhdistyksest\u00e4. Yhdistyksen kotipaikka on Jyv\u00e4skyl\u00e4, mutta sen tarkoituksena on toimia fysioterapeuttien yhdist\u00e4j\u00e4n\u00e4 koko Keski-Suomen maakunnan alueella. Joukkoomme kuuluu n. 450 fysioterapeuttia tai fysioterapiaopiskelijaa. Tavoitteenamme on tukea alueemme fysioterapeutteja toimimaan yhten\u00e4 arvostetuimpana terveysalan osaajana.<\/p>\n<p>Keski-Suomen fysioterapeutit ry pyrkii kehitt\u00e4m\u00e4\u00e4n fysioterapeuttien ammattitaitoa ja tietoutta j\u00e4rjest\u00e4m\u00e4ll\u00e4 laadukkaita koulutuksia p\u00e4\u00e4s\u00e4\u00e4nt\u00f6isesti maakunnan omien osaajien voimin. Yhdistys valvoo ammatinharjoittajien ja yritt\u00e4jien asemaa ja tukee heid\u00e4n toimintaansa yritt\u00e4j\u00e4yhdyshenkil\u00f6n asiantuntemuksella. Yhdistys tekee yhteisty\u00f6t\u00e4 Jyv\u00e4skyl\u00e4n Ammattikorkeakoulun fysioterapian opettajien ja fysioterapeuttiopiskelijoiden kanssa yhdistyksen opiskelijavastaavien ja opiskelijayhdyshenkil\u00f6n avustuksella.<\/p>\n<p>Yhdistyksen toiminnasta ja koulutuksista tiedotetaan j\u00e4senille kaksi kertaa vuodessa ilmestyv\u00e4ll\u00e4 s\u00e4hk\u00f6isell\u00e4 j\u00e4senkirjeell\u00e4; Tatsilla. Lis\u00e4ksi tietoa yhdistyksest\u00e4, ajankohtaisista fysioterapia-aiheista ja alueemme tapahtumista saa s\u00e4hk\u00f6isist\u00e4 tiedotteistamme ja Instagramista.<\/p>\n<h3 id=\"yhdistys-h2-4\">Paikallisyhdistyksen j\u00e4senen\u00e4 saat:<\/h3>\n<p>osallistua ammattitaitoa kehitt\u00e4viin koulutuksiin<\/p>\n<p>tietoa alueemme ja alamme ajankohtaisista asioista<\/p>\n<p>vaikuttaa paikallisiin ajankohtaisiin kuntoutusalan asioihin<\/p>\n<p>hakea yhdistyksen apurahoja<\/p>\n<p>verkostoitua muiden alan ammattilaisten kanssa<\/p>\n<ul id=\"yhdistys-ul-4\"><\/ul>\n<p>Yhdistyksen toiminnasta vastaa puheenjohtaja yhdess\u00e4 hallituksen kanssa. Vuosikokous valitsee puheenjohtajan vuodeksi kerrallaan ja hallituksen j\u00e4senet kahdeksi vuodeksi kerrallaan.<\/p>\n<h2><\/h2>\n","protected":false},"excerpt":{"rendered":"<p>Keski-Suomen fysioterapeutit ry on yksi Suomen Fysioterapeutit ry:n 14 j\u00e4senyhdistyksest\u00e4. Yhdistyksen kotipaikka on Jyv\u00e4skyl\u00e4, mutta sen tarkoituksena on toimia fysioterapeuttien yhdist\u00e4j\u00e4n\u00e4 koko Keski-Suomen maakunnan alueella. Joukkoomme kuuluu n. 450 fysioterapeuttia tai fysioterapiaopiskelijaa. Tavoitteenamme on tukea alueemme fysioterapeutteja toimimaan yhten\u00e4 arvostetuimpana terveysalan osaajana. Keski-Suomen fysioterapeutit ry pyrkii kehitt\u00e4m\u00e4\u00e4n fysioterapeuttien ammattitaitoa ja tietoutta j\u00e4rjest\u00e4m\u00e4ll\u00e4 laadukkaita koulutuksia p\u00e4\u00e4s\u00e4\u00e4nt\u00f6isesti&hellip;<\/p>\n","protected":false},"author":1,"featured_media":0,"parent":0,"menu_order":0,"comment_status":"open","ping_status":"open","template":"","meta":{"footnotes":""},"class_list":["post-8","page","type-page","status-publish","hentry"],"_links":{"self":[{"href":"https:\/\/keskisuomenfysioterapeutit.fi\/index.php?rest_route=\/wp\/v2\/pages\/8","targetHints":{"allow":["GET"]}}],"collection":[{"href":"https:\/\/keskisuomenfysioterapeutit.fi\/index.php?rest_route=\/wp\/v2\/pages"}],"about":[{"href":"https:\/\/keskisuomenfysioterapeutit.fi\/index.php?rest_route=\/wp\/v2\/types\/page"}],"author":[{"embeddable":true,"href":"https:\/\/keskisuomenfysioterapeutit.fi\/index.php?rest_route=\/wp\/v2\/users\/1"}],"replies":[{"embeddable":true,"href":"https:\/\/keskisuomenfysioterapeutit.fi\/index.php?rest_route=%2Fwp%2Fv2%2Fcomments&post=8"}],"version-history":[{"count":17,"href":"https:\/\/keskisuomenfysioterapeutit.fi\/index.php?rest_route=\/wp\/v2\/pages\/8\/revisions"}],"predecessor-version":[{"id":742,"href":"https:\/\/keskisuomenfysioterapeutit.fi\/index.php?rest_route=\/wp\/v2\/pages\/8\/revisions\/742"}],"wp:attachment":[{"href":"https:\/\/keskisuomenfysioterapeutit.fi\/index.php?rest_route=%2Fwp%2Fv2%2Fmedia&parent=8"}],"curies":[{"name":"wp","href":"https:\/\/api.w.org\/{rel}","templated":true}]}}