{"id":84,"date":"2015-01-15T21:39:36","date_gmt":"2015-01-15T19:39:36","guid":{"rendered":"http:\/\/u66694.www2.webdomain.fi\/?page_id=84"},"modified":"2025-10-30T20:25:26","modified_gmt":"2025-10-30T17:25:26","slug":"ilmoittautumisohje-koulutuksiin-ja-sen-maksamiseen","status":"publish","type":"page","link":"https:\/\/keskisuomenfysioterapeutit.fi\/?page_id=84","title":{"rendered":"Koulutus- ja tapahtumainfoa"},"content":{"rendered":"\n<p><\/p>\n\n\n\n<h3 class=\"wp-block-heading\">Koulutuksiin ilmoittautuminen on muuttunut<\/h3>\n\n\n\n<p>Olemme p\u00e4ivitt\u00e4neet yhdistyksen verkkosivuja ja ottaneet k\u00e4ytt\u00f6\u00f6n uuden koulutuksiin ilmoittautumisj\u00e4rjestelm\u00e4n. Uusi ilmoittautumisj\u00e4rjestelm\u00e4 toimii verkkokaupan tapaan ja toimii osoitteessa  <a href=\"https:\/\/ksft.tapahtumiin.fi\/fi\/\">https:\/\/ksft.tapahtumiin.fi\/fi\/<\/a> . Sielt\u00e4 n\u00e4et kaikki koulutuksemme ja p\u00e4\u00e4set ilmoittautumaan niihin ilmoittautumisajan puitteissa. <\/p>\n\n\n\n<p>Koulutus maksetaan heti ilmoittautumisen yhteydess\u00e4 (kortti- tai verkkopankkimaksu), verkkolaskutuksen kautta tai s\u00e4hk\u00f6postiin saapuvalla pdf-muotoisella laskulla. <strong>Laskuihin lis\u00e4t\u00e4\u00e4n aina laskutuslis\u00e4.<\/strong><\/p>\n\n\n\n<p>Ilmoittautuminen vahvistuu vasta kun maksusuoritus on hyv\u00e4ksytty. Jos ilmoittautumisj\u00e4rjestelm\u00e4ss\u00e4 on teknisi\u00e4 ongelmia, olethan yhteydess\u00e4 tekniseen tukeen &nbsp;&#8221;<a href=\"https:\/\/lsft.tapahtumiin.fi\/fi\/contact\">Ota yhteytt\u00e4<\/a>&#8221; lomakkeen kautta. Huomaathan, ett\u00e4 tekninen tuki auttaa vain virka-aikana. Muissa asioissa ole yhteydess\u00e4 koulutuksen yhteyshenkil\u00f6\u00f6n.<\/p>\n\n\n\n<p><\/p>\n\n\n<p><strong><u>ILMOITTAUTUMISOHJE KOULUTUKSIIN<\/u><\/strong><\/p>\n<table>\n<tbody>\n<tr>\n<td width=\"642\">1.\u00a0\u00a0\u00a0\u00a0 Koulutukset ovat vain j\u00e4senille!<\/td>\n<\/tr>\n<tr>\n<td width=\"642\">2.\u00a0\u00a0\u00a0\u00a0 Ilmoittaudu koulutukseen <a href=\"https:\/\/ksft.tapahtumiin.fi\/fi\/\">https:\/\/ksft.tapahtumiin.fi\/fi\/<\/a>\u00a0sivujen kautta, varmista ilmoittautumisaika koulutusmainoksesta. Etu- ja j\u00e4lki-ilmoittautumiset eiv\u00e4t ole mahdollisia.<\/td>\n<\/tr>\n<tr>\n<td width=\"642\">3.\u00a0 Maksa koulutus ilmoittautumisen yhteydess\u00e4, verkkokaupan tapaan. (Osallistuja vastaa maksusta my\u00f6s tilanteissa, joissa ty\u00f6nantaja maksaa koulutuksen. Yhdistys ei selvit\u00e4 maksuja ty\u00f6nantajan kanssa, vaan vastuu t\u00e4st\u00e4 on aina osallistujalla.) Mik\u00e4li valitset maksutavaksi laskun niin siihen lis\u00e4t\u00e4\u00e4n aina laskutuslis\u00e4.\u00a0<\/td>\n<\/tr>\n<tr>\n<td width=\"642\">4. Saat lis\u00e4tietoja koulutuksesta ilmoittautumisajan j\u00e4lkeen s\u00e4hk\u00f6postiisi. Ilmoittautuminen on sitova.<\/td>\n<\/tr>\n<tr>\n<td width=\"642\">5. Sairastapauksissa koulutusmaksusta palautetaan puolet l\u00e4\u00e4k\u00e4rintodistusta vastaan.<\/td>\n<\/tr>\n<tr>\n<td width=\"642\">6. Kysymykset on hyv\u00e4 esitt\u00e4\u00e4 suoraan koulutuksen vastuuhenkil\u00f6lle, jonka nimen l\u00f6yd\u00e4t koulutusmainoksesta.<\/td>\n<\/tr>\n<tr>\n<td width=\"642\">7. Koulutus voidaan perua yhdistyksen yksipuolisella p\u00e4\u00e4t\u00f6ksell\u00e4 (jos minimiosallistuja m\u00e4\u00e4r\u00e4 ei toteudu), t\u00e4ll\u00f6in koulutusmaksu palautetaan kokonaisuudessaan.<\/td>\n<\/tr>\n<tr>\n<td width=\"642\">8. Tervetuloa koulutuksiin!\u00a0<\/td>\n<\/tr>\n<\/tbody>\n<\/table>\n<p><span style=\"text-decoration: underline;\"><strong>LIS\u00c4TIETOA<\/strong><\/span><\/p>\n<p><strong>Koulutusvastaava:<\/strong><\/p>\n<p>Minna Taipale, physiominna(at)gmail.com<\/p>\n<p><strong>Koulutustoimikunta:<\/strong><\/p>\n<p>Esa Niemist\u00f6, esa.niemisto(at)gmail.com<\/p>\n<p>Kirsi Pihlaja, kirsimaria.pihlaja(at)gmail.com<\/p>","protected":false},"excerpt":{"rendered":"<p>Koulutuksiin ilmoittautuminen on muuttunut Olemme p\u00e4ivitt\u00e4neet yhdistyksen verkkosivuja ja ottaneet k\u00e4ytt\u00f6\u00f6n uuden koulutuksiin ilmoittautumisj\u00e4rjestelm\u00e4n. Uusi ilmoittautumisj\u00e4rjestelm\u00e4 toimii verkkokaupan tapaan ja toimii osoitteessa https:\/\/ksft.tapahtumiin.fi\/fi\/ . Sielt\u00e4 n\u00e4et kaikki koulutuksemme ja p\u00e4\u00e4set ilmoittautumaan niihin ilmoittautumisajan puitteissa. Koulutus maksetaan heti ilmoittautumisen yhteydess\u00e4 (kortti- tai verkkopankkimaksu), verkkolaskutuksen kautta tai s\u00e4hk\u00f6postiin saapuvalla pdf-muotoisella laskulla. Laskuihin lis\u00e4t\u00e4\u00e4n aina laskutuslis\u00e4. Ilmoittautuminen vahvistuu&hellip;<\/p>\n","protected":false},"author":1,"featured_media":0,"parent":0,"menu_order":0,"comment_status":"open","ping_status":"open","template":"","meta":{"footnotes":""},"class_list":["post-84","page","type-page","status-publish","hentry"],"_links":{"self":[{"href":"https:\/\/keskisuomenfysioterapeutit.fi\/index.php?rest_route=\/wp\/v2\/pages\/84","targetHints":{"allow":["GET"]}}],"collection":[{"href":"https:\/\/keskisuomenfysioterapeutit.fi\/index.php?rest_route=\/wp\/v2\/pages"}],"about":[{"href":"https:\/\/keskisuomenfysioterapeutit.fi\/index.php?rest_route=\/wp\/v2\/types\/page"}],"author":[{"embeddable":true,"href":"https:\/\/keskisuomenfysioterapeutit.fi\/index.php?rest_route=\/wp\/v2\/users\/1"}],"replies":[{"embeddable":true,"href":"https:\/\/keskisuomenfysioterapeutit.fi\/index.php?rest_route=%2Fwp%2Fv2%2Fcomments&post=84"}],"version-history":[{"count":24,"href":"https:\/\/keskisuomenfysioterapeutit.fi\/index.php?rest_route=\/wp\/v2\/pages\/84\/revisions"}],"predecessor-version":[{"id":752,"href":"https:\/\/keskisuomenfysioterapeutit.fi\/index.php?rest_route=\/wp\/v2\/pages\/84\/revisions\/752"}],"wp:attachment":[{"href":"https:\/\/keskisuomenfysioterapeutit.fi\/index.php?rest_route=%2Fwp%2Fv2%2Fmedia&parent=84"}],"curies":[{"name":"wp","href":"https:\/\/api.w.org\/{rel}","templated":true}]}}